{"id":575,"date":"2015-08-06T14:48:20","date_gmt":"2015-08-06T12:48:20","guid":{"rendered":"http:\/\/www.catapart.fr\/blog\/?page_id=575"},"modified":"2015-08-17T10:34:57","modified_gmt":"2015-08-17T08:34:57","slug":"indispensable-arbre-a-chat","status":"publish","type":"page","link":"https:\/\/www.catapart.fr\/blog\/fiches-conseils\/produits\/indispensable-arbre-a-chat","title":{"rendered":"L&rsquo;indispensable arbre \u00e0 chat"},"content":{"rendered":"<p><a href=\"http:\/\/www.catapart.fr\/blog\/wp-content\/uploads\/2015\/08\/-838F780D5BF4A4A2D4C87A584FE32BAC2CA9594F91BC34331A-pimgpsh_fullsize_distr.png\"><img decoding=\"async\" loading=\"lazy\" class=\"aligncenter size-full wp-image-576\" src=\"http:\/\/www.catapart.fr\/blog\/wp-content\/uploads\/2015\/08\/-838F780D5BF4A4A2D4C87A584FE32BAC2CA9594F91BC34331A-pimgpsh_fullsize_distr.png\" alt=\"arbre \u00e0 chat design\" width=\"850\" height=\"560\" srcset=\"https:\/\/www.catapart.fr\/blog\/wp-content\/uploads\/2015\/08\/-838F780D5BF4A4A2D4C87A584FE32BAC2CA9594F91BC34331A-pimgpsh_fullsize_distr.png 850w, https:\/\/www.catapart.fr\/blog\/wp-content\/uploads\/2015\/08\/-838F780D5BF4A4A2D4C87A584FE32BAC2CA9594F91BC34331A-pimgpsh_fullsize_distr-300x198.png 300w, https:\/\/www.catapart.fr\/blog\/wp-content\/uploads\/2015\/08\/-838F780D5BF4A4A2D4C87A584FE32BAC2CA9594F91BC34331A-pimgpsh_fullsize_distr-830x547.png 830w, https:\/\/www.catapart.fr\/blog\/wp-content\/uploads\/2015\/08\/-838F780D5BF4A4A2D4C87A584FE32BAC2CA9594F91BC34331A-pimgpsh_fullsize_distr-550x362.png 550w, https:\/\/www.catapart.fr\/blog\/wp-content\/uploads\/2015\/08\/-838F780D5BF4A4A2D4C87A584FE32BAC2CA9594F91BC34331A-pimgpsh_fullsize_distr-230x152.png 230w\" sizes=\"(max-width: 850px) 100vw, 850px\" \/><\/a><\/p>\n<p>&nbsp;<\/p>\n<p>De l\u2019avis de certains, les chats ne peuvent pas s&rsquo;\u00e9panouir et \u00eatre heureux dans un appartement. De nombreux propri\u00e9taires affirment pourtant le contraire. Chez Cat Apart, nous pensons que cela d\u00e9pend des dispositions que vous \u00eates pr\u00eat \u00e0 prendre pour votre cher petit f\u00e9lin de salon.<\/p>\n<p>&nbsp;<\/p>\n<p><strong>L&rsquo;importance de son lieu de vie<\/strong><\/p>\n<p>Un appartement est un lieu d&rsquo;habitation qui est con\u00e7u par l&rsquo;homme, pour l&rsquo;homme, et qui r\u00e9pond donc uniquement aux besoins de celui-ci. En l\u2019\u00e9tat, il n\u2019est donc par d\u00e9finition pas adapt\u00e9 \u00e0 nos matous. Pour que votre chat puisse s&rsquo;y \u00e9panouir, il est n\u00e9cessaire de l\u2019am\u00e9nager un minimum, afin de prendre en compte ses besoins \u00e9thologiques.<\/p>\n<p>&nbsp;<\/p>\n<p><strong>Petit rappel des besoins de votre chat pour l\u2019am\u00e9nagement de son territoire<\/strong><\/p>\n<p>Afin qu&rsquo;il soit heureux dans ses coussinets, notre chat domestique a besoin de beaucoup dormir, mais aussi de se d\u00e9penser. La chasse, le jeu et le contr\u00f4le de son espace vital sont pour lui des besoins fondamentaux, car il est g\u00e9n\u00e9tiquement programm\u00e9 pour ceux-ci.<\/p>\n<p>Ainsi, pour aider notre petit f\u00e9lin d\u2019appartement qui n\u2019a pas la possibilit\u00e9 de sortir, il faudra particuli\u00e8rement veiller \u00e0 l\u2019enrichissement de son environnement. Il est aussi n\u00e9cessaire de l\u2019inciter \u00e0 se d\u00e9penser pour \u00e9viter qu\u2019il ne s&rsquo;ennuie, et pour l\u2019aider \u00e0 canaliser son anxi\u00e9t\u00e9. Il en va de son \u00e9quilibre psychologique.<\/p>\n<p>Le chat a aussi naturellement besoin de faire ses griffes pour marquer son territoire. Il faudra lui permettre de satisfaire ce besoin, tout en respectant l\u2019int\u00e9grit\u00e9 de vos effets personnels.<\/p>\n<p><strong>\u00a0<\/strong><\/p>\n<p><strong>L&rsquo;indispensable arbre \u00e0 chat<\/strong><\/p>\n<p>L&rsquo;arbre \u00e0 chat, avec ses poteaux recouverts de sisal pour les griffades, sa hauteur qui permet d\u2019observer et de vivre en 3D, ses diff\u00e9rents niveaux qui encouragent \u00e0 sauter et \u00e0 bouger, fera le bonheur absolu de votre petit f\u00e9lin. Son utilit\u00e9 et ses fonctions multiples sont indiscutables\u00a0: l\u2019arbre \u00e0 chat r\u00e9pond \u00e0 lui seul \u00e0 une grande partie des besoins naturels de nos chers minous.<\/p>\n<p>Comme vous le savez, le chat a besoin de grimper et de se percher en hauteur. Ceci est d\u00fb au fait qu\u2019il n\u2019appr\u00e9hende pas son territoire seulement par la surface au sol comme nous le faisons. Il vit en 3D, ce qui explique pourquoi il est difficile de le dissuader de monter sur les plans de travail, ou en haut des armoires. Si vous ne voulez pas de lui sur vos meubles, il vous faudra mettre \u00e0 sa disposition un arbre \u00e0 chat.<\/p>\n<p>Vous l\u2019aurez compris, lui fournir un arbre \u00e0 chat sur lequel il pourra faire ses griffes, grimper en toute impunit\u00e9 et jouer le comblera pleinement\u2026 et pr\u00e9servera vos meubles et rideaux\u00a0!<\/p>\n<p>&nbsp;<\/p>\n<p><strong>L\u2019emplacement de l\u2019arbre \u00e0 chat<\/strong><\/p>\n<p>L&#8217;emplacement de l&rsquo;arbre \u00e0 chat est tr\u00e8s important. L&rsquo;id\u00e9al est de le placer pr\u00e8s d&rsquo;une fen\u00eatre, car nos chats d\u2019int\u00e9rieur adorent regarder ce qu&rsquo;il se passe \u00e0 l&rsquo;ext\u00e9rieur\u00a0: cette activit\u00e9 seule peut les occuper une bonne partie de la journ\u00e9e.<\/p>\n<p>Il est aussi pr\u00e9f\u00e9rable de placer l\u2019arbre \u00e0 chat \u00e0 un endroit o\u00f9 votre petite boule de poil pourra observer ce qu\u2019il se passe dans l\u2019appartement\u00a0: il est important qu\u2019il puisse surveiller son territoire et ses ma\u00eetres en permanence. C\u2019est l\u2019une des raisons pour lesquelles il aime se percher en hauteur.<\/p>\n<p>&nbsp;<\/p>\n<p><strong>Agrandir son territoire<\/strong><\/p>\n<p>Outre les arbres \u00e0 chat, vous pouvez agrandir son territoire en utilisant la verticalit\u00e9. Concr\u00e8tement, vous pouvez monter des \u00e9tag\u00e8res en hauteur avec un petit coussin confortable, placer des hamacs sur les radiateurs ou au mur, laisser libre une \u00e9tag\u00e8re de votre biblioth\u00e8que, etc. De nombreux am\u00e9nagements sont envisageables, que ce soit en bricolant un peu ou en achetant des \u00e9quipements sp\u00e9cialis\u00e9s.<\/p>\n<p>Ainsi, m\u00eame dans une petite surface, vous avez la possibilit\u00e9 d\u2019accro\u00eetre le pr\u00e9cieux territoire de vos\u00a0petits colocataires.<\/p>\n<p>&nbsp;<\/p>\n<p>&#8211; Beno\u00eet S\u00e9ry<br \/>\nComportementaliste F\u00e9lin<\/p>\n","protected":false},"excerpt":{"rendered":"<p>&nbsp; De l\u2019avis de certains, les chats ne peuvent pas s&rsquo;\u00e9panouir et \u00eatre heureux dans un appartement. De nombreux propri\u00e9taires affirment pourtant le contraire. Chez Cat Apart, nous pensons que cela d\u00e9pend des dispositions que vous \u00eates pr\u00eat \u00e0 prendre pour votre cher petit f\u00e9lin de salon. &nbsp; L&rsquo;importance de son lieu de vie Un appartement est un lieu d&rsquo;habitation qui est con\u00e7u par l&rsquo;homme, pour l&rsquo;homme, et qui r\u00e9pond [&#8230;]<\/p>\n","protected":false},"author":4,"featured_media":576,"parent":573,"menu_order":0,"comment_status":"closed","ping_status":"closed","template":"","meta":{"footnotes":""},"aioseo_notices":[],"_links":{"self":[{"href":"https:\/\/www.catapart.fr\/blog\/wp-json\/wp\/v2\/pages\/575"}],"collection":[{"href":"https:\/\/www.catapart.fr\/blog\/wp-json\/wp\/v2\/pages"}],"about":[{"href":"https:\/\/www.catapart.fr\/blog\/wp-json\/wp\/v2\/types\/page"}],"author":[{"embeddable":true,"href":"https:\/\/www.catapart.fr\/blog\/wp-json\/wp\/v2\/users\/4"}],"replies":[{"embeddable":true,"href":"https:\/\/www.catapart.fr\/blog\/wp-json\/wp\/v2\/comments?post=575"}],"version-history":[{"count":0,"href":"https:\/\/www.catapart.fr\/blog\/wp-json\/wp\/v2\/pages\/575\/revisions"}],"up":[{"embeddable":true,"href":"https:\/\/www.catapart.fr\/blog\/wp-json\/wp\/v2\/pages\/573"}],"wp:featuredmedia":[{"embeddable":true,"href":"https:\/\/www.catapart.fr\/blog\/wp-json\/wp\/v2\/media\/576"}],"wp:attachment":[{"href":"https:\/\/www.catapart.fr\/blog\/wp-json\/wp\/v2\/media?parent=575"}],"curies":[{"name":"wp","href":"https:\/\/api.w.org\/{rel}","templated":true}]}}