{"id":330,"date":"2015-07-06T17:07:03","date_gmt":"2015-07-06T15:07:03","guid":{"rendered":"http:\/\/www.catapart.fr\/blog\/?page_id=330"},"modified":"2015-08-17T10:45:37","modified_gmt":"2015-08-17T08:45:37","slug":"nourriture-pour-chat","status":"publish","type":"page","link":"https:\/\/www.catapart.fr\/blog\/fiches-conseils\/zones-activite\/nourriture-pour-chat","title":{"rendered":"Que dois-je donner \u00e0 manger \u00e0 mon chat pour qu&rsquo;il soit en bonne sant\u00e9 ?"},"content":{"rendered":"<p><a href=\"http:\/\/www.catapart.fr\/blog\/wp-content\/uploads\/2015\/07\/Fotolia_39107615_S.jpg\"><img decoding=\"async\" loading=\"lazy\" class=\"size-full wp-image-433\" src=\"http:\/\/www.catapart.fr\/blog\/wp-content\/uploads\/2015\/07\/Fotolia_39107615_S.jpg\" alt=\"chat tigr\u00e9 et saucisse\" width=\"834\" height=\"576\" srcset=\"https:\/\/www.catapart.fr\/blog\/wp-content\/uploads\/2015\/07\/Fotolia_39107615_S.jpg 834w, https:\/\/www.catapart.fr\/blog\/wp-content\/uploads\/2015\/07\/Fotolia_39107615_S-300x207.jpg 300w, https:\/\/www.catapart.fr\/blog\/wp-content\/uploads\/2015\/07\/Fotolia_39107615_S-830x573.jpg 830w, https:\/\/www.catapart.fr\/blog\/wp-content\/uploads\/2015\/07\/Fotolia_39107615_S-550x380.jpg 550w, https:\/\/www.catapart.fr\/blog\/wp-content\/uploads\/2015\/07\/Fotolia_39107615_S-230x159.jpg 230w\" sizes=\"(max-width: 834px) 100vw, 834px\" \/><\/a><\/p>\n<p>&nbsp;<\/p>\n<p><strong>L&rsquo;alimentation de nos chats d&rsquo;appartement joue un r\u00f4le crucial dans le maintien de leur bonne sant\u00e9, et de leur \u00e9quilibre. Comment les nourrir pour leur assurer tonicit\u00e9 et vitalit\u00e9, tout en leur faisant plaisir?\u00a0<\/strong><\/p>\n<p>&nbsp;<\/p>\n<p><a href=\"#1\">Une alimentation comme dans la nature\u00a0?<\/a><\/p>\n<p><a href=\"#2\">Les besoins physiologiques de votre chat ne suffisent pas \u00e0 lui donner envie de manger.<\/a><\/p>\n<p><a href=\"#3\">Satisfaire la\u00a0n\u00e9cessit\u00e9 d&rsquo;app\u00e9tence suffit-il\u00a0?<\/a><\/p>\n<p>&nbsp;<\/p>\n<hr \/>\n<p>&nbsp;<\/p>\n<p><strong><a name=\"1\"><\/a>Une alimentation comme dans la nature\u00a0? <\/strong><\/p>\n<p>Nos chats domestiques d&rsquo;appartement ont comme seule source d&rsquo;alimentation celle que nous leur procurons. En effet, priv\u00e9s de sortie, ils ne peuvent pas chasser des proies sauvages telles que de petits oiseaux ou des souris.<\/p>\n<p>Il est alors essentiel que l&rsquo;alimentation que nous leur donnons corresponde \u00e0 leurs\u00a0besoins sp\u00e9cifiques en tant qu\u2019esp\u00e8ce. En effet, nos chers f\u00e9lins sont des carnivores stricts. Dans l&rsquo;id\u00e9al, leur alimentation doit rester naturelle, avec un pourcentage en prot\u00e9ines animales \u00e9lev\u00e9es. Attention, certains produits contiennent des prot\u00e9ines v\u00e9g\u00e9tales qui ne sont pas adapt\u00e9es pour eux. L&rsquo;alimentation doit \u00e9galement autant que possible\u00a0\u00eatre d\u00e9pourvue d&rsquo;ingr\u00e9dients chimiques tels que des colorants ou des ar\u00f4mes artificiels.<\/p>\n<p>Les besoins alimentaires d\u00e9pendent \u00e9galement des conditions de vie de nos petits matous, qui varient d&rsquo;un animal \u00e0 l&rsquo;autre. En effet, chaque \u00e9tape de la vie de votre chat implique que vous adaptiez ses apports nutritionnels \u00e0 ses besoins physiologiques du moment (chaton, femelle allaitante, chat adulte, castr\u00e9 ou non etc.) et \u00e0 ses modes d&rsquo;alimentation.<\/p>\n<p>&nbsp;<\/p>\n<p><strong><a name=\"2\"><\/a>Les besoins physiologiques de votre chat ne suffisent pas \u00e0 lui donner envie de manger.<br \/>\n<\/strong><\/p>\n<p><span style=\"line-height: 1.5;\">L\u2019app\u00e9tence, c&rsquo;est-\u00e0-dire ce qui \u00e9veille l&rsquo;envie de manger, diff\u00e8re d&rsquo;une esp\u00e8ce \u00e0 l&rsquo;autre et d&rsquo;un individu \u00e0 l&rsquo;autre. Nous, les humains, pouvons \u00eatre sensibles \u00e0 la jolie pr\u00e9sentation d&rsquo;un plat, \u00e0 son odeur qui sugg\u00e8re d\u00e9j\u00e0 son go\u00fbt, car nous anticipons en quelque sorte un plaisir.<\/span><\/p>\n<p>Nos compagnons f\u00e9lins sont sensibles, pour leur part, \u00e0 l&rsquo;odorat. C&rsquo;est par cette premi\u00e8re investigation olfactive qu&rsquo;ils vont juger de l&rsquo;int\u00e9r\u00eat pour l&rsquo;alimentation que vous lui pr\u00e9sentez. Le go\u00fbt n&rsquo;intervient qu&rsquo;ensuite. Cette exploration est tellement essentielle que certains chats atteints d&rsquo;un trouble de l&rsquo;odorat (ce qui peut \u00eatre le cas suite \u00e0 un coryza) doivent apprendre \u00e0 utiliser d&rsquo;autres sens pour identifier leur nourriture\u00a0!<\/p>\n<p>&nbsp;<\/p>\n<p><a href=\"http:\/\/www.catapart.fr\/blog\/wp-content\/uploads\/2015\/07\/Untitled-design-page-001-1.jpg\"><img decoding=\"async\" loading=\"lazy\" class=\"aligncenter  wp-image-435\" src=\"http:\/\/www.catapart.fr\/blog\/wp-content\/uploads\/2015\/07\/Untitled-design-page-001-1.jpg\" alt=\"nourriture pour chaton\" width=\"849\" height=\"566\" srcset=\"https:\/\/www.catapart.fr\/blog\/wp-content\/uploads\/2015\/07\/Untitled-design-page-001-1.jpg 2653w, https:\/\/www.catapart.fr\/blog\/wp-content\/uploads\/2015\/07\/Untitled-design-page-001-1-300x200.jpg 300w, https:\/\/www.catapart.fr\/blog\/wp-content\/uploads\/2015\/07\/Untitled-design-page-001-1-1024x683.jpg 1024w, https:\/\/www.catapart.fr\/blog\/wp-content\/uploads\/2015\/07\/Untitled-design-page-001-1-830x553.jpg 830w, https:\/\/www.catapart.fr\/blog\/wp-content\/uploads\/2015\/07\/Untitled-design-page-001-1-550x367.jpg 550w, https:\/\/www.catapart.fr\/blog\/wp-content\/uploads\/2015\/07\/Untitled-design-page-001-1-230x153.jpg 230w\" sizes=\"(max-width: 849px) 100vw, 849px\" \/><\/a><\/p>\n<p>&nbsp;<\/p>\n<p><strong><a name=\"3\"><\/a>Satisfaire la\u00a0n\u00e9cessit\u00e9 d&rsquo;app\u00e9tence suffit-il\u00a0? <\/strong><\/p>\n<p>Les habitudes alimentaires mises en place lorsqu&rsquo;ils sont chatons vont influencer leurs pr\u00e9f\u00e9rences et donc une certaine souplesse dans leur alimentation future. Un aliment pr\u00e9sent\u00e9 avant le sevrage aura tendance \u00e0 \u00eatre plus app\u00e9tant \u00e0 l\u2019\u00e2ge adulte qu&rsquo;un nouvel aliment. Il est donc important de distribuer \u00e0 un jeune chat une alimentation aussi vari\u00e9e que possible pour \u00e9viter un adulte trop difficile.<\/p>\n<p>Il convient de se rappeler que comme nous, chaque chat a ses go\u00fbts et ses pr\u00e9f\u00e9rences en termes culinaires, en fonction de son v\u00e9cu et de son histoire. Si votre chat adulte n&rsquo;a pas \u00e9t\u00e9 habitu\u00e9 tout jeune \u00e0 diff\u00e9rentes saveurs et textures, il sera n\u00e9cessaire de lui faire essayer plusieurs marques et recettes pour trouver celles qui lui conviennent le mieux.<\/p>\n<p>Il est essentiel que l&rsquo;alimentation que vous proposez \u00e0 votre chat r\u00e9ponde non seulement \u00e0 ses besoins physiologiques, mais \u00e9galement aux comportements qu&rsquo;il adopte pour s&rsquo;alimenter.<\/p>\n<p>&nbsp;<\/p>\n<p>Lui apporter une alimentation adapt\u00e9e avec des produits 100% naturels, d\u00e8s le plus jeune \u00e2ge, est un gage de sant\u00e9, de tonicit\u00e9, de bien-\u00eatre. Cela contribuera\u00a0\u00e0 l&rsquo;am\u00e9lioration des conditions de cohabitation avec votre compagnon.<\/p>\n<p>&nbsp;<\/p>\n<p>\u2013 Adapt\u00e9 du Dr Marie-Laure Dutil,<br \/>\nPsychologue et Comportementaliste Animalier<br \/>\n<a href=\"http:\/\/www.humanimalis.com\/\" target=\"_blank\">Humanimalis<\/a><\/p>\n","protected":false},"excerpt":{"rendered":"<p>&nbsp; L&rsquo;alimentation de nos chats d&rsquo;appartement joue un r\u00f4le crucial dans le maintien de leur bonne sant\u00e9, et de leur \u00e9quilibre. Comment les nourrir pour leur assurer tonicit\u00e9 et vitalit\u00e9, tout en leur faisant plaisir?\u00a0 &nbsp; Une alimentation comme dans la nature\u00a0? Les besoins physiologiques de votre chat ne suffisent pas \u00e0 lui donner envie de manger. Satisfaire la\u00a0n\u00e9cessit\u00e9 d&rsquo;app\u00e9tence suffit-il\u00a0? &nbsp; &nbsp; Une alimentation comme dans la nature\u00a0? Nos [&#8230;]<\/p>\n","protected":false},"author":4,"featured_media":0,"parent":311,"menu_order":0,"comment_status":"closed","ping_status":"closed","template":"","meta":{"footnotes":""},"aioseo_notices":[],"_links":{"self":[{"href":"https:\/\/www.catapart.fr\/blog\/wp-json\/wp\/v2\/pages\/330"}],"collection":[{"href":"https:\/\/www.catapart.fr\/blog\/wp-json\/wp\/v2\/pages"}],"about":[{"href":"https:\/\/www.catapart.fr\/blog\/wp-json\/wp\/v2\/types\/page"}],"author":[{"embeddable":true,"href":"https:\/\/www.catapart.fr\/blog\/wp-json\/wp\/v2\/users\/4"}],"replies":[{"embeddable":true,"href":"https:\/\/www.catapart.fr\/blog\/wp-json\/wp\/v2\/comments?post=330"}],"version-history":[{"count":0,"href":"https:\/\/www.catapart.fr\/blog\/wp-json\/wp\/v2\/pages\/330\/revisions"}],"up":[{"embeddable":true,"href":"https:\/\/www.catapart.fr\/blog\/wp-json\/wp\/v2\/pages\/311"}],"wp:attachment":[{"href":"https:\/\/www.catapart.fr\/blog\/wp-json\/wp\/v2\/media?parent=330"}],"curies":[{"name":"wp","href":"https:\/\/api.w.org\/{rel}","templated":true}]}}